{"id":2217,"date":"2024-07-04T08:16:45","date_gmt":"2024-07-04T08:16:45","guid":{"rendered":"https:\/\/trasferimentotecnologico.nano.cnr.it\/?page_id=2217"},"modified":"2024-09-23T08:03:08","modified_gmt":"2024-09-23T08:03:08","slug":"visual-composer-2217","status":"publish","type":"page","link":"https:\/\/trasferimentotecnologico.nano.cnr.it\/en\/visual-composer-2217\/","title":{"rendered":"Method and apparatus for controlling an electron beam with a phase modulator driven by analog multiplexing"},"content":{"rendered":"<div data-elementor-type=\"wp-page\" data-elementor-id=\"2217\" class=\"elementor elementor-2217\">\n\t\t\t\t\t\t<section class=\"elementor-section elementor-top-section elementor-element elementor-element-604c406 elementor-section-boxed elementor-section-height-default elementor-section-height-default\" data-id=\"604c406\" data-element_type=\"section\">\n\t\t\t\t\t\t<div class=\"elementor-container elementor-column-gap-default\">\n\t\t\t\t\t<div class=\"elementor-column elementor-col-100 elementor-top-column elementor-element elementor-element-6882989\" data-id=\"6882989\" data-element_type=\"column\">\n\t\t\t<div class=\"elementor-widget-wrap elementor-element-populated\">\n\t\t\t\t\t\t<div class=\"elementor-element elementor-element-39cee49 elementor-widget elementor-widget-text-editor\" data-id=\"39cee49\" data-element_type=\"widget\" data-widget_type=\"text-editor.default\">\n\t\t\t\t<div class=\"elementor-widget-container\">\n\t\t\t\t\t\t\t\t\t<p><strong><em>METHOD AND APPARATUS FOR CONTROLLING AN ELECTRON BEAM WITH A PHASE MODULATOR DRIVEN BY ANALOG MULTIPLEXING\u00a0<\/em><\/strong><\/p><p>L&#8217;invenzione si riferisce ad un metodo e ad un sistema di polarizzazione di elettroni in grado di generare in uscita un fascio di particelle, almeno parzialmente polarizzato in spin. Il sistema concepito funziona come un efficiente filtro di polarizzazione spin, pu\u00f2 essere applicato a tutte le particelle dotate di spin (ossia elettroni, neutroni, atomi, ioni ecc.) e non richiede frequenti cambi del catodo. Il fascio polarizzato prodotto \u00e8 stabile, ha una elevata luminosit\u00e0 e pu\u00f2 essere integrato all&#8217;interno di un microscopio elettronico.<\/p><p><em>Application number: IT102022000010184 (dep 17\/5\/2022); PCT\/EP2023\/063191 (E0146152)<\/em><\/p><p><strong>YEAR:<\/strong> 2022<\/p><p><strong>APPLICATIONS<\/strong><\/p><p>Ricerca accademica; Microscopia di materiali magnetici; Nuovi effetti di contrasto atomico in microscopia ad alta risoluzione.<\/p><p>INVENTORS<\/p><ul><li>Lorenzo MARUCCI<\/li><li>Vincenzo GRILLO<\/li><li>Enrico SANTAMATO\u00a0<\/li><li>Ebrahim KARIMI<\/li><\/ul><p class=\"translation-block\"><strong>PATENT OWNERSHIP<\/strong><\/p><ul><li>Consiglio Nazionale delle Ricerche (Italia)<\/li><\/ul><p><em><b>Further information<\/b><\/em><\/p>\t\t\t\t\t\t\t\t<\/div>\n\t\t\t\t<\/div>\n\t\t\t\t\t<\/div>\n\t\t<\/div>\n\t\t\t\t\t<\/div>\n\t\t<\/section>\n\t\t\t\t<\/div>","protected":false},"excerpt":{"rendered":"<p>METHOD AND APPARATUS FOR CONTROLLING AN ELECTRON BEAM WITH A PHASE MODULATOR DRIVEN BY ANALOG MULTIPLEXING\u00a0 L&#8217;invenzione si riferisce ad un metodo e ad un sistema di polarizzazione di elettroni in grado di generare in uscita un fascio di particelle, almeno parzialmente polarizzato in spin. Il sistema concepito funziona come un efficiente filtro di polarizzazione &hellip; <\/p>\n<p class=\"link-more\"><a href=\"https:\/\/trasferimentotecnologico.nano.cnr.it\/en\/visual-composer-2217\/\" class=\"more-link\">Continue reading<span class=\"screen-reader-text\"> &#8220;Method and apparatus for controlling an electron beam with a phase modulator driven by analog multiplexing&#8221;<\/span><\/a><\/p>","protected":false},"author":8,"featured_media":0,"parent":0,"menu_order":0,"comment_status":"closed","ping_status":"closed","template":"","meta":{"footnotes":""},"class_list":["post-2217","page","type-page","status-publish","hentry"],"_links":{"self":[{"href":"https:\/\/trasferimentotecnologico.nano.cnr.it\/en\/wp-json\/wp\/v2\/pages\/2217","targetHints":{"allow":["GET"]}}],"collection":[{"href":"https:\/\/trasferimentotecnologico.nano.cnr.it\/en\/wp-json\/wp\/v2\/pages"}],"about":[{"href":"https:\/\/trasferimentotecnologico.nano.cnr.it\/en\/wp-json\/wp\/v2\/types\/page"}],"author":[{"embeddable":true,"href":"https:\/\/trasferimentotecnologico.nano.cnr.it\/en\/wp-json\/wp\/v2\/users\/8"}],"replies":[{"embeddable":true,"href":"https:\/\/trasferimentotecnologico.nano.cnr.it\/en\/wp-json\/wp\/v2\/comments?post=2217"}],"version-history":[{"count":16,"href":"https:\/\/trasferimentotecnologico.nano.cnr.it\/en\/wp-json\/wp\/v2\/pages\/2217\/revisions"}],"predecessor-version":[{"id":2301,"href":"https:\/\/trasferimentotecnologico.nano.cnr.it\/en\/wp-json\/wp\/v2\/pages\/2217\/revisions\/2301"}],"wp:attachment":[{"href":"https:\/\/trasferimentotecnologico.nano.cnr.it\/en\/wp-json\/wp\/v2\/media?parent=2217"}],"curies":[{"name":"wp","href":"https:\/\/api.w.org\/{rel}","templated":true}]}}